{"id":6,"date":"2021-03-15T21:38:28","date_gmt":"2021-03-15T20:38:28","guid":{"rendered":"https:\/\/www.cmchrysalide.be\/public\/?page_id=6"},"modified":"2025-09-01T13:52:45","modified_gmt":"2025-09-01T11:52:45","slug":"accueil","status":"publish","type":"page","link":"https:\/\/www.cmchrysalide.be\/public\/","title":{"rendered":"Accueil"},"content":{"rendered":"\n<figure class=\"wp-block-image size-full\"><img loading=\"lazy\" decoding=\"async\" width=\"1024\" height=\"740\" src=\"https:\/\/www.cmchrysalide.be\/public\/wp-content\/uploads\/2024\/10\/image-1.jpeg\" alt=\"L\u2019attribut alt de cette image est vide, son nom de fichier est batiment2023.jpg.\" class=\"wp-image-477\" srcset=\"https:\/\/www.cmchrysalide.be\/public\/wp-content\/uploads\/2024\/10\/image-1.jpeg 1024w, https:\/\/www.cmchrysalide.be\/public\/wp-content\/uploads\/2024\/10\/image-1-300x217.jpeg 300w, https:\/\/www.cmchrysalide.be\/public\/wp-content\/uploads\/2024\/10\/image-1-768x555.jpeg 768w\" sizes=\"auto, (max-width: 1024px) 100vw, 1024px\" \/><\/figure>\n\n\n\n<p class=\"has-text-align-center has-black-color has-white-background-color has-text-color has-background has-link-color wp-elements-b4bbed0d85cd495a372e55c4a689ae64\"><\/p>\n\n\n\n<p class=\"has-text-align-center has-medium-font-size\">Le secr\u00e9tariat est \u00e0 votre disposition pour la remise de documents et la prise de rendez-vous,<br>qui peut se faire \u00e9galement en ligne chez nos m\u00e9decins g\u00e9n\u00e9ralistes.<\/p>\n\n\n\n<p class=\"has-text-align-center has-medium-font-size\"><\/p>\n\n\n<div class=\"wp-block-image is-style-default\">\n<figure class=\"aligncenter size-full\"><a href=\"https:\/\/www.cmchrysalide.be\/public\/medecins-generalistes\/\"><img loading=\"lazy\" decoding=\"async\" width=\"300\" height=\"100\" src=\"https:\/\/www.cmchrysalide.be\/public\/wp-content\/uploads\/2024\/10\/rdv.png\" alt=\"\" class=\"wp-image-418\"\/><\/a><\/figure>\n<\/div>\n\n\n<p class=\"has-text-align-center\"><strong>Horaire du secr\u00e9tariat<\/strong><\/p>\n\n\n\n<p class=\"has-text-align-center\">du lundi au vendredi de 8h00 \u00e0 12h30 et de 13h30 \u00e0 18h00<\/p>\n\n\n\n<p class=\"has-text-align-center\"><strong>Coordonn\u00e9es<\/strong><\/p>\n\n\n\n<p class=\"has-text-align-center\">071\/24.39.00<\/p>\n\n\n\n<p class=\"has-text-align-center\">3B, rue Fernand Stilmant 6240 Farciennes<br><\/p>\n\n\n\n<p><\/p>\n\n\n\n<p class=\"has-text-align-center\">&#8212;&#8212;&#8212;&#8212;&#8212;&#8212;&#8212;&#8212;&#8212;&#8212;&#8212;<br><br><strong>Horaire du Centre de Contr\u00f4le M\u00e9dical pour l&rsquo;Industrie (CCMI)<\/strong><\/p>\n\n\n\n<p class=\"has-text-align-center\">du lundi au jeudi de 9h00 \u00e0 12h00<\/p>\n\n\n\n<p class=\"has-text-align-center\">le vendredi et le samedi de 10h00 \u00e0 12h00<br><\/p>\n\n\n\n<p class=\"has-text-align-center\"><strong>Coordonn\u00e9es<\/strong><\/p>\n\n\n\n<p class=\"has-text-align-center\">071\/32.89.57<\/p>\n\n\n\n<p class=\"has-text-align-center\">3B, rue Fernand Stilmant 6240 Farciennes<\/p>\n","protected":false},"excerpt":{"rendered":"<p>Le secr\u00e9tariat est \u00e0 votre disposition pour la remise de documents et la prise de rendez-vous,qui peut se faire \u00e9galement en ligne chez nos m\u00e9decins g\u00e9n\u00e9ralistes. Horaire du secr\u00e9tariat du lundi au vendredi de 8h00 \u00e0 12h30 et de 13h30 \u00e0 18h00 Coordonn\u00e9es 071\/24.39.00 3B, rue Fernand Stilmant 6240 Farciennes &#8212;&#8212;&#8212;&#8212;&#8212;&#8212;&#8212;&#8212;&#8212;&#8212;&#8212; Horaire du Centre de [&hellip;]<\/p>\n","protected":false},"author":1,"featured_media":0,"parent":0,"menu_order":0,"comment_status":"closed","ping_status":"closed","template":"templates\/template-page-full-width.php","meta":{"footnotes":""},"class_list":["post-6","page","type-page","status-publish","hentry"],"_links":{"self":[{"href":"https:\/\/www.cmchrysalide.be\/public\/wp-json\/wp\/v2\/pages\/6","targetHints":{"allow":["GET"]}}],"collection":[{"href":"https:\/\/www.cmchrysalide.be\/public\/wp-json\/wp\/v2\/pages"}],"about":[{"href":"https:\/\/www.cmchrysalide.be\/public\/wp-json\/wp\/v2\/types\/page"}],"author":[{"embeddable":true,"href":"https:\/\/www.cmchrysalide.be\/public\/wp-json\/wp\/v2\/users\/1"}],"replies":[{"embeddable":true,"href":"https:\/\/www.cmchrysalide.be\/public\/wp-json\/wp\/v2\/comments?post=6"}],"version-history":[{"count":30,"href":"https:\/\/www.cmchrysalide.be\/public\/wp-json\/wp\/v2\/pages\/6\/revisions"}],"predecessor-version":[{"id":563,"href":"https:\/\/www.cmchrysalide.be\/public\/wp-json\/wp\/v2\/pages\/6\/revisions\/563"}],"wp:attachment":[{"href":"https:\/\/www.cmchrysalide.be\/public\/wp-json\/wp\/v2\/media?parent=6"}],"curies":[{"name":"wp","href":"https:\/\/api.w.org\/{rel}","templated":true}]}}