{"id":37,"date":"2021-05-23T12:29:57","date_gmt":"2021-05-23T10:29:57","guid":{"rendered":"https:\/\/www.cmchrysalide.be\/public\/?page_id=37"},"modified":"2024-10-22T17:51:09","modified_gmt":"2024-10-22T15:51:09","slug":"plan-dacces","status":"publish","type":"page","link":"https:\/\/www.cmchrysalide.be\/public\/plan-dacces\/","title":{"rendered":"Contact et plan d&rsquo;acc\u00e8s"},"content":{"rendered":"\n<p>Adresse: rue Fernand Stilmant, num\u00e9ro 3B \u00e0 6240 Farciennes &#8211; <a href=\"https:\/\/maps.app.goo.gl\/Sg3QDzeufiVmaF7d8\">Itin\u00e9raire via Google maps<\/a><br>Horaires: du lundi au vendredi de 8h00 \u00e0 12h30 et de 13h30 \u00e0 18h00.<br>T\u00e9l\u00e9phone: 071\/243900<\/p>\n\n\n\n<iframe loading=\"lazy\" width=\"100%\" height=\"400px\" style=\"border: 0px solid black;\" frameborder=\"0\" scrolling=\"no\" marginheight=\"0\" marginwidth=\"0\" src=\"https:\/\/www.openstreetmap.org\/export\/embed.html?bbox=4.526313543319703%2C50.419777700766375%2C4.543501138687135%2C50.42793913797535&amp;layer=mapnik&amp;marker=50.423858595179674%2C4.534907341003418\"><\/iframe>\n\n\n\n<p><a href=\"https:\/\/www.openstreetmap.org\/export\/embed.html?bbox=4.526313543319703%2C50.419777700766375%2C4.543501138687135%2C50.42793913797535&amp;layer=mapnik&amp;marker=50.423858595179674%2C4.534907341003418\">Voir la carte<\/a><\/p>\n\n\n\n<p class=\"has-text-align-center\"><\/p>\n\n\n\n<p><\/p>\n","protected":false},"excerpt":{"rendered":"<p>Adresse: rue Fernand Stilmant, num\u00e9ro 3B \u00e0 6240 Farciennes &#8211; Itin\u00e9raire via Google mapsHoraires: du lundi au vendredi de 8h00 \u00e0 12h30 et de 13h30 \u00e0 18h00.T\u00e9l\u00e9phone: 071\/243900 Voir la carte<\/p>\n","protected":false},"author":1,"featured_media":0,"parent":0,"menu_order":0,"comment_status":"closed","ping_status":"closed","template":"","meta":{"footnotes":""},"class_list":["post-37","page","type-page","status-publish","hentry"],"_links":{"self":[{"href":"https:\/\/www.cmchrysalide.be\/public\/wp-json\/wp\/v2\/pages\/37","targetHints":{"allow":["GET"]}}],"collection":[{"href":"https:\/\/www.cmchrysalide.be\/public\/wp-json\/wp\/v2\/pages"}],"about":[{"href":"https:\/\/www.cmchrysalide.be\/public\/wp-json\/wp\/v2\/types\/page"}],"author":[{"embeddable":true,"href":"https:\/\/www.cmchrysalide.be\/public\/wp-json\/wp\/v2\/users\/1"}],"replies":[{"embeddable":true,"href":"https:\/\/www.cmchrysalide.be\/public\/wp-json\/wp\/v2\/comments?post=37"}],"version-history":[{"count":15,"href":"https:\/\/www.cmchrysalide.be\/public\/wp-json\/wp\/v2\/pages\/37\/revisions"}],"predecessor-version":[{"id":501,"href":"https:\/\/www.cmchrysalide.be\/public\/wp-json\/wp\/v2\/pages\/37\/revisions\/501"}],"wp:attachment":[{"href":"https:\/\/www.cmchrysalide.be\/public\/wp-json\/wp\/v2\/media?parent=37"}],"curies":[{"name":"wp","href":"https:\/\/api.w.org\/{rel}","templated":true}]}}