{"id":365,"date":"2024-10-16T12:44:16","date_gmt":"2024-10-16T10:44:16","guid":{"rendered":"https:\/\/www.cmchrysalide.be\/public\/?page_id=365"},"modified":"2024-10-22T15:07:03","modified_gmt":"2024-10-22T13:07:03","slug":"mentions-legales","status":"publish","type":"page","link":"https:\/\/www.cmchrysalide.be\/public\/mentions-legales\/","title":{"rendered":"Mentions l\u00e9gales"},"content":{"rendered":"<p>Ce site internet pr\u00e9sente les activit\u00e9s du centre m\u00e9dical Chrysalide asbl.<\/p>\n<p>Responsable de publication et cr\u00e9dits photos : Drs Monette, Pongoli, Zeoli<\/p>\n<p>Si\u00e8ge social : Rue Fernand Stilmant 3B 6240 Farciennes, n\u00b0 entreprise 0741.523.230<\/p>\n<p>Contact par t\u00e9l\u00e9phone au 003271243900 ou via mail secretariat arobase cmchrysalide point be<\/p>\n<p>H\u00e9bergement du site : OVH \u2013 www.ovh.com<\/p>\n<p>Nom de domaine d\u00e9pos\u00e9: cmchrysalide.be (OVH)<\/p>\n<p>Ce site internet n&rsquo;affiche pas de publicit\u00e9 ni de sponsoring. Le site utilise deux cookies &lsquo;techniques&rsquo; (ils sont g\u00e9n\u00e9r\u00e9s par l&rsquo;h\u00e9bergeur et non soumis au RGPD) qui permettent la redirection du client sur le m\u00eame serveur et\/ou un \u00e9quilibrage de charge.<\/p>\n<p>Les donn\u00e9es envoy\u00e9es via un formulaire ou par email demeurent confidentielles en conformit\u00e9 avec les textes l\u00e9gaux relatifs \u00e0 la protection du secret m\u00e9dical. Aucun formulaire ne figure sur ce site internet.<\/p>\n","protected":false},"excerpt":{"rendered":"<p>Ce site internet pr\u00e9sente les activit\u00e9s du centre m\u00e9dical Chrysalide asbl. Responsable de publication et cr\u00e9dits photos : Drs Monette, Pongoli, Zeoli Si\u00e8ge social : Rue Fernand Stilmant 3B 6240 Farciennes, n\u00b0 entreprise 0741.523.230 Contact par t\u00e9l\u00e9phone au 003271243900 ou via mail secretariat arobase cmchrysalide point be H\u00e9bergement du site : OVH \u2013 www.ovh.com Nom [&hellip;]<\/p>\n","protected":false},"author":1,"featured_media":0,"parent":0,"menu_order":0,"comment_status":"closed","ping_status":"closed","template":"","meta":{"footnotes":""},"class_list":["post-365","page","type-page","status-publish","hentry"],"_links":{"self":[{"href":"https:\/\/www.cmchrysalide.be\/public\/wp-json\/wp\/v2\/pages\/365","targetHints":{"allow":["GET"]}}],"collection":[{"href":"https:\/\/www.cmchrysalide.be\/public\/wp-json\/wp\/v2\/pages"}],"about":[{"href":"https:\/\/www.cmchrysalide.be\/public\/wp-json\/wp\/v2\/types\/page"}],"author":[{"embeddable":true,"href":"https:\/\/www.cmchrysalide.be\/public\/wp-json\/wp\/v2\/users\/1"}],"replies":[{"embeddable":true,"href":"https:\/\/www.cmchrysalide.be\/public\/wp-json\/wp\/v2\/comments?post=365"}],"version-history":[{"count":2,"href":"https:\/\/www.cmchrysalide.be\/public\/wp-json\/wp\/v2\/pages\/365\/revisions"}],"predecessor-version":[{"id":491,"href":"https:\/\/www.cmchrysalide.be\/public\/wp-json\/wp\/v2\/pages\/365\/revisions\/491"}],"wp:attachment":[{"href":"https:\/\/www.cmchrysalide.be\/public\/wp-json\/wp\/v2\/media?parent=365"}],"curies":[{"name":"wp","href":"https:\/\/api.w.org\/{rel}","templated":true}]}}