{"id":260,"date":"2024-10-09T18:59:42","date_gmt":"2024-10-09T16:59:42","guid":{"rendered":"https:\/\/www.cmchrysalide.be\/public\/?page_id=260"},"modified":"2024-10-17T14:31:58","modified_gmt":"2024-10-17T12:31:58","slug":"examens-specifiques","status":"publish","type":"page","link":"https:\/\/www.cmchrysalide.be\/public\/examens-specifiques\/","title":{"rendered":"Examens sp\u00e9cifiques"},"content":{"rendered":"\n<p>Nous effectuons certains examens au sein de notre centre, \u00e0 savoir\u00a0:<\/p>\n\n\n\n<ul class=\"wp-block-list\">\n<li><strong>La Spirom\u00e9trie<\/strong> est un examen m\u00e9dical permettant de mesurer la fonction respiratoire d\u2019un individu et de d\u00e9pister ainsi des maladies respiratoires. Elle \u00e9value aussi de mani\u00e8re plus globale, le bon fonctionnement des poumons.<\/li>\n<\/ul>\n\n\n\n<ul class=\"wp-block-list\">\n<li><strong>Le d\u00e9pistage des apn\u00e9es du sommeil<\/strong> avec un enregistreur portable \u00e0 domicile.<br><\/li>\n<\/ul>\n\n\n\n<ul class=\"wp-block-list\">\n<li><strong>L&rsquo;\u00e9lectrocardiogramme <\/strong>qui mesure l&rsquo;activit\u00e9 \u00e9lectrique du c\u0153ur pour d\u00e9tecter les probl\u00e8mes cardiaques.<\/li>\n<\/ul>\n\n\n\n<ul class=\"wp-block-list\">\n<li><strong>L&rsquo;\u00e9chographie<\/strong> est une technique d&rsquo;imagerie m\u00e9dicale non invasive qui utilise des ondes sonores pour visualiser les organes et les tissus internes du corps.<\/li>\n<\/ul>\n","protected":false},"excerpt":{"rendered":"<p>Nous effectuons certains examens au sein de notre centre, \u00e0 savoir\u00a0:<\/p>\n","protected":false},"author":1,"featured_media":0,"parent":0,"menu_order":0,"comment_status":"closed","ping_status":"closed","template":"","meta":{"footnotes":""},"class_list":["post-260","page","type-page","status-publish","hentry"],"_links":{"self":[{"href":"https:\/\/www.cmchrysalide.be\/public\/wp-json\/wp\/v2\/pages\/260","targetHints":{"allow":["GET"]}}],"collection":[{"href":"https:\/\/www.cmchrysalide.be\/public\/wp-json\/wp\/v2\/pages"}],"about":[{"href":"https:\/\/www.cmchrysalide.be\/public\/wp-json\/wp\/v2\/types\/page"}],"author":[{"embeddable":true,"href":"https:\/\/www.cmchrysalide.be\/public\/wp-json\/wp\/v2\/users\/1"}],"replies":[{"embeddable":true,"href":"https:\/\/www.cmchrysalide.be\/public\/wp-json\/wp\/v2\/comments?post=260"}],"version-history":[{"count":3,"href":"https:\/\/www.cmchrysalide.be\/public\/wp-json\/wp\/v2\/pages\/260\/revisions"}],"predecessor-version":[{"id":445,"href":"https:\/\/www.cmchrysalide.be\/public\/wp-json\/wp\/v2\/pages\/260\/revisions\/445"}],"wp:attachment":[{"href":"https:\/\/www.cmchrysalide.be\/public\/wp-json\/wp\/v2\/media?parent=260"}],"curies":[{"name":"wp","href":"https:\/\/api.w.org\/{rel}","templated":true}]}}