{"id":256,"date":"2024-10-09T18:59:20","date_gmt":"2024-10-09T16:59:20","guid":{"rendered":"https:\/\/www.cmchrysalide.be\/public\/?page_id=256"},"modified":"2024-10-17T14:17:57","modified_gmt":"2024-10-17T12:17:57","slug":"resultats","status":"publish","type":"page","link":"https:\/\/www.cmchrysalide.be\/public\/resultats\/","title":{"rendered":"Demande de r\u00e9sultats, prescriptions et visites"},"content":{"rendered":"\n<p>Vous pouvez contacter le secr\u00e9tariat au <strong>071\/24 39 00<\/strong><\/p>\n\n\n\n<p><br>Pour une <strong>prescription<\/strong> il faut :<\/p>\n\n\n\n<ul class=\"wp-block-list\">\n<li>que les m\u00e9dicaments demand\u00e9s fassent partie du traitement habituel (pas d&rsquo;antibiotiques par t\u00e9l\u00e9phone! );<\/li>\n\n\n\n<li>que la derni\u00e8re consultation avec le docteur remonte \u00e0 maximum 3 mois;<\/li>\n\n\n\n<li>les docteurs se r\u00e9servent le droit de refuser toute demande en la justifiant aupr\u00e8s du patient;<\/li>\n\n\n\n<li>un d\u00e9lais de 48 heures maximum pour que la prescription arrive sur la carte d&rsquo;identit\u00e9.<\/li>\n<\/ul>\n\n\n\n<p><br>Pour une <strong>demande de visite<\/strong>, veuillez nous joindre le plus t\u00f4t possible le matin, afin d&rsquo;assurer une meilleure organisation.<\/p>\n\n\n\n<p><\/p>\n\n\n\n<p><\/p>\n","protected":false},"excerpt":{"rendered":"<p>Vous pouvez contacter le secr\u00e9tariat au 071\/24 39 00 Pour une prescription il faut : Pour une demande de visite, veuillez nous joindre le plus t\u00f4t possible le matin, afin d&rsquo;assurer une meilleure organisation.<\/p>\n","protected":false},"author":1,"featured_media":0,"parent":0,"menu_order":0,"comment_status":"closed","ping_status":"closed","template":"","meta":{"footnotes":""},"class_list":["post-256","page","type-page","status-publish","hentry"],"_links":{"self":[{"href":"https:\/\/www.cmchrysalide.be\/public\/wp-json\/wp\/v2\/pages\/256","targetHints":{"allow":["GET"]}}],"collection":[{"href":"https:\/\/www.cmchrysalide.be\/public\/wp-json\/wp\/v2\/pages"}],"about":[{"href":"https:\/\/www.cmchrysalide.be\/public\/wp-json\/wp\/v2\/types\/page"}],"author":[{"embeddable":true,"href":"https:\/\/www.cmchrysalide.be\/public\/wp-json\/wp\/v2\/users\/1"}],"replies":[{"embeddable":true,"href":"https:\/\/www.cmchrysalide.be\/public\/wp-json\/wp\/v2\/comments?post=256"}],"version-history":[{"count":5,"href":"https:\/\/www.cmchrysalide.be\/public\/wp-json\/wp\/v2\/pages\/256\/revisions"}],"predecessor-version":[{"id":443,"href":"https:\/\/www.cmchrysalide.be\/public\/wp-json\/wp\/v2\/pages\/256\/revisions\/443"}],"wp:attachment":[{"href":"https:\/\/www.cmchrysalide.be\/public\/wp-json\/wp\/v2\/media?parent=256"}],"curies":[{"name":"wp","href":"https:\/\/api.w.org\/{rel}","templated":true}]}}