{"id":235,"date":"2024-10-09T14:58:55","date_gmt":"2024-10-09T12:58:55","guid":{"rendered":"https:\/\/www.cmchrysalide.be\/public\/?page_id=235"},"modified":"2026-01-20T11:40:15","modified_gmt":"2026-01-20T10:40:15","slug":"notre-equipe","status":"publish","type":"page","link":"https:\/\/www.cmchrysalide.be\/public\/notre-equipe\/","title":{"rendered":"Notre \u00e9quipe"},"content":{"rendered":"\n<p><br><strong><em>Le Centre M\u00e9dical Chrysalide regroupe d&rsquo;une part des m\u00e9decins g\u00e9n\u00e9ralistes, d&rsquo;autre part des m\u00e9decins sp\u00e9cialistes et des param\u00e9dicaux formant une \u00e9quipe multidisciplinaire.<\/em><\/strong><\/p>\n\n\n<ul class=\"wp-block-categories-list wp-block-categories has-medium-font-size\">\t<li class=\"cat-item cat-item-5\"><a href=\"https:\/\/www.cmchrysalide.be\/public\/category\/dieteticienne\/\">Di\u00e9t\u00e9ticienne<\/a>\n<\/li>\n\t<li class=\"cat-item cat-item-7\"><a href=\"https:\/\/www.cmchrysalide.be\/public\/category\/infirmieres\/\">Infirmi\u00e8res<\/a>\n<\/li>\n\t<li class=\"cat-item cat-item-8\"><a href=\"https:\/\/www.cmchrysalide.be\/public\/category\/kinesitherapeutes\/\">Kin\u00e9sith\u00e9rapeutes<\/a>\n<\/li>\n\t<li class=\"cat-item cat-item-9\"><a href=\"https:\/\/www.cmchrysalide.be\/public\/category\/logopede\/\">Logop\u00e8de<\/a>\n<\/li>\n\t<li class=\"cat-item cat-item-3\"><a href=\"https:\/\/www.cmchrysalide.be\/public\/category\/medecins-generalistes\/\">M\u00e9decins g\u00e9n\u00e9ralistes<\/a>\n<\/li>\n\t<li class=\"cat-item cat-item-10\"><a href=\"https:\/\/www.cmchrysalide.be\/public\/category\/pedicure-medicale\/\">P\u00e9dicure m\u00e9dicale<\/a>\n<\/li>\n\t<li class=\"cat-item cat-item-4\"><a href=\"https:\/\/www.cmchrysalide.be\/public\/category\/psychologues\/\">Psychologues<\/a>\n<\/li>\n\t<li class=\"cat-item cat-item-6\"><a href=\"https:\/\/www.cmchrysalide.be\/public\/category\/specialistes\/\">Sp\u00e9cialistes<\/a>\n<\/li>\n<\/ul>\n\n\n<p><strong>Un centre de pr\u00e9l\u00e8vement est \u00e9galement \u00e0 votre disposition<\/strong> <a href=\"https:\/\/www.cmchrysalide.be\/public\/laboratoire\/\" data-type=\"page\" data-id=\"13\">(en savoir plus)<\/a><\/p>\n\n\n\n<p><\/p>\n","protected":false},"excerpt":{"rendered":"<p>Le Centre M\u00e9dical Chrysalide regroupe d&rsquo;une part des m\u00e9decins g\u00e9n\u00e9ralistes, d&rsquo;autre part des m\u00e9decins sp\u00e9cialistes et des param\u00e9dicaux formant une \u00e9quipe multidisciplinaire. Un centre de pr\u00e9l\u00e8vement est \u00e9galement \u00e0 votre disposition (en savoir plus)<\/p>\n","protected":false},"author":1,"featured_media":0,"parent":0,"menu_order":0,"comment_status":"closed","ping_status":"closed","template":"templates\/template-page-full-width.php","meta":{"footnotes":""},"class_list":["post-235","page","type-page","status-publish","hentry"],"_links":{"self":[{"href":"https:\/\/www.cmchrysalide.be\/public\/wp-json\/wp\/v2\/pages\/235","targetHints":{"allow":["GET"]}}],"collection":[{"href":"https:\/\/www.cmchrysalide.be\/public\/wp-json\/wp\/v2\/pages"}],"about":[{"href":"https:\/\/www.cmchrysalide.be\/public\/wp-json\/wp\/v2\/types\/page"}],"author":[{"embeddable":true,"href":"https:\/\/www.cmchrysalide.be\/public\/wp-json\/wp\/v2\/users\/1"}],"replies":[{"embeddable":true,"href":"https:\/\/www.cmchrysalide.be\/public\/wp-json\/wp\/v2\/comments?post=235"}],"version-history":[{"count":9,"href":"https:\/\/www.cmchrysalide.be\/public\/wp-json\/wp\/v2\/pages\/235\/revisions"}],"predecessor-version":[{"id":620,"href":"https:\/\/www.cmchrysalide.be\/public\/wp-json\/wp\/v2\/pages\/235\/revisions\/620"}],"wp:attachment":[{"href":"https:\/\/www.cmchrysalide.be\/public\/wp-json\/wp\/v2\/media?parent=235"}],"curies":[{"name":"wp","href":"https:\/\/api.w.org\/{rel}","templated":true}]}}