{"id":13,"date":"2021-04-05T15:16:58","date_gmt":"2021-04-05T13:16:58","guid":{"rendered":"https:\/\/www.cmchrysalide.be\/public\/?page_id=13"},"modified":"2024-10-22T15:14:59","modified_gmt":"2024-10-22T13:14:59","slug":"laboratoire","status":"publish","type":"page","link":"https:\/\/www.cmchrysalide.be\/public\/laboratoire\/","title":{"rendered":"Laboratoire"},"content":{"rendered":"\n<p class=\"has-text-align-left\"><strong>Un centre de pr\u00e9l\u00e8vement est \u00e0 votre disposition <\/strong><br>pour les prises de sang, les analyses d&rsquo;urines, les frottis,&#8230;.<br><\/p>\n\n\n\n<p class=\"has-text-align-left\"><strong><em>Il est indispensable de vous pr\u00e9sentez avec votre demande d&rsquo;analyse <\/em><\/strong><br><strong><em>et une vignette de mutuelle !<\/em><\/strong><br><\/p>\n\n\n\n<p class=\"has-text-align-left\"><em>De 7h00 \u00e0 11h00 sans rendez-vous, du lundi au vendredi<\/em><\/p>\n","protected":false},"excerpt":{"rendered":"<p>Un centre de pr\u00e9l\u00e8vement est \u00e0 votre disposition pour les prises de sang, les analyses d&rsquo;urines, les frottis,&#8230;. Il est indispensable de vous pr\u00e9sentez avec votre demande d&rsquo;analyse et une vignette de mutuelle ! De 7h00 \u00e0 11h00 sans rendez-vous, du lundi au vendredi<\/p>\n","protected":false},"author":1,"featured_media":0,"parent":0,"menu_order":0,"comment_status":"closed","ping_status":"closed","template":"","meta":{"footnotes":""},"class_list":["post-13","page","type-page","status-publish","hentry"],"_links":{"self":[{"href":"https:\/\/www.cmchrysalide.be\/public\/wp-json\/wp\/v2\/pages\/13","targetHints":{"allow":["GET"]}}],"collection":[{"href":"https:\/\/www.cmchrysalide.be\/public\/wp-json\/wp\/v2\/pages"}],"about":[{"href":"https:\/\/www.cmchrysalide.be\/public\/wp-json\/wp\/v2\/types\/page"}],"author":[{"embeddable":true,"href":"https:\/\/www.cmchrysalide.be\/public\/wp-json\/wp\/v2\/users\/1"}],"replies":[{"embeddable":true,"href":"https:\/\/www.cmchrysalide.be\/public\/wp-json\/wp\/v2\/comments?post=13"}],"version-history":[{"count":6,"href":"https:\/\/www.cmchrysalide.be\/public\/wp-json\/wp\/v2\/pages\/13\/revisions"}],"predecessor-version":[{"id":496,"href":"https:\/\/www.cmchrysalide.be\/public\/wp-json\/wp\/v2\/pages\/13\/revisions\/496"}],"wp:attachment":[{"href":"https:\/\/www.cmchrysalide.be\/public\/wp-json\/wp\/v2\/media?parent=13"}],"curies":[{"name":"wp","href":"https:\/\/api.w.org\/{rel}","templated":true}]}}